{"id":57,"date":"2024-01-02T16:30:21","date_gmt":"2024-01-02T16:30:21","guid":{"rendered":"https:\/\/bnbforms.com\/103530\/?page_id=57"},"modified":"2026-03-20T19:54:23","modified_gmt":"2026-03-20T19:54:23","slug":"house-rules","status":"publish","type":"page","link":"https:\/\/bnbforms.com\/103530\/house-rules\/","title":{"rendered":"Termini e Condizioni"},"content":{"rendered":"\n<p><strong>Procedura di prenotazione:<\/strong>Al momento della prenotazione, sono disponibili due opzioni:<\/p>\n\n\n\n<ol class=\"wp-block-list\">\n<li><strong>Tariffa Non Rimborsabile:<\/strong> pagamento dell&#8217;intero importo scontato come indicato; nessun rimborso previsto in caso di cancellazione.<\/li>\n\n\n\n<li><strong>Tariffa Flessibile:<\/strong> pagamento dell&#8217;importo indicato con possibilit\u00e0 di cancellazione secondo i termini specificati nel modulo di prenotazione.<\/li>\n<\/ol>\n\n\n\n<p><strong>Politica di cancellazione e rimborso:<\/strong><\/p>\n\n\n\n<ul class=\"wp-block-list\">\n<li>Nel primo caso sopra citato (tariffa non rimborsabile), non sar\u00e0 concesso alcun rimborso sul prezzo pagato.<\/li>\n\n\n\n<li>Nel secondo caso (tariffa rimborsabile), \u00e8 possibile cancellare gratuitamente fino a 15 giorni prima dell&#8217;arrivo. In caso di cancellazione dai 15 giorni fino al giorno precedente l&#8217;arrivo, verr\u00e0 applicata una penale pari al 50% del prezzo totale. A partire dal giorno precedente la data di arrivo, verr\u00e0 addebitato l&#8217;intero importo della prenotazione.<\/li>\n<\/ul>\n\n\n\n<p><strong>Alloggi:<\/strong>Tutte le camere sono dotate di letto matrimoniale e sono progettate per due persone. Una camera dispone di un letto singolo aggiuntivo oltre al letto matrimoniale. Possiamo organizzare sistemazioni extra per ospiti in eccedenza, ma ci\u00f2 potrebbe comportare costi aggiuntivi a causa della variabilit\u00e0 dei prezzi di strutture esterne di supporto.<\/p>\n\n\n\n<p><strong>Colazione:<\/strong>Nella sala colazioni potrete gustare una colazione continentale con bevande calde (t\u00e8, tisane, caff\u00e8 e cappuccino). Troverete prodotti confezionati singolarmente come cornetti, crostate, torte, yogurt, succhi di frutta e frutta fresca di stagione. Burro e marmellate sono disponibili in monoporzioni. Ci impegniamo a utilizzare prodotti biologici di alta qualit\u00e0 e, ove possibile, prodotti freschi in confezioni singole provenienti da forni e pasticcerie locali di Giove.<\/p>\n\n\n\n<p><strong>Consigli di viaggio:<\/strong>Raccomandiamo di prenotare il prima possibile per approfittare di sconti su voli, noleggi auto e trasporti, e per riservare tour e visite ai musei in tempo utile.<\/p>\n\n\n\n<p><strong>Trasporti e costi extra:<\/strong>I costi di trasporto non sono inclusi nella tariffa del soggiorno. Per vostra comodit\u00e0, \u00e8 disponibile un servizio di trasporto a pagamento. Possiamo organizzare un autista per il prelievo alle stazioni ferroviarie di Orte o Attigliano all&#8217;arrivo e per il rientro il giorno della partenza. Su richiesta, \u00e8 possibile organizzare il trasferimento da\/per l&#8217;aeroporto di Roma Fiumicino. Questi servizi devono essere richiesti al momento della prenotazione nella sezione &#8220;richieste speciali&#8221; e sono soggetti a disponibilit\u00e0.<\/p>\n\n\n\n<p><strong>Alcol e Fumo:<\/strong>Ci troviamo in una terra di vini pregiati, ma si raccomanda un consumo moderato e responsabile. Il consumo eccessivo di alcol \u00e8 vietato all&#8217;interno della propriet\u00e0. \u00c8 discrezione dei gestori invitare alla moderazione o, in caso contrario, chiedere di lasciare la struttura. <strong>Fumo:<\/strong> \u00c8 severamente vietato fumare all&#8217;interno della villa, dello studio, delle camere e nei terreni circostanti. Il fumo \u00e8 consentito solo all&#8217;esterno della propriet\u00e0 o nelle aree designate. Il Casale dell&#8217;Amicizia si riserva il diritto di allontanare gli ospiti che violano queste regole senza alcun rimborso.<\/p>\n\n\n\n<p><strong>Responsabilit\u00e0:<\/strong>Il Casale dell&#8217;Amicizia declina espressamente ogni responsabilit\u00e0 per perdite, danni o infortuni subiti dagli ospiti durante il soggiorno, inclusi, a titolo esemplificativo:<\/p>\n\n\n\n<ul class=\"wp-block-list\">\n<li>Incidenti derivanti da difetti strutturali, impianti idraulici, elettrici, gas o idrici.<\/li>\n\n\n\n<li>Interruzioni nella fornitura di servizi pubblici (luce, acqua, gas).<\/li>\n\n\n\n<li>Qualsiasi danno alla villa, al suo contenuto o ai terreni causato dai partecipanti (mobili rotti, macchie su tappeti o arredi, danni a opere d&#8217;arte).<\/li>\n<\/ul>\n\n\n\n<p>Gli ospiti sono responsabili dell&#8217;intero costo di riparazione o sostituzione di qualsiasi oggetto danneggiato a causa delle loro azioni. Accettando questi termini, autorizzate la propriet\u00e0 ad addebitare direttamente i costi relativi ai danni.<\/p>\n\n\n\n<p><strong>Rimborsi e cause di forza maggiore:<\/strong>Non saranno concessi rimborsi per cancellazioni dovute a circostanze indipendenti dalla nostra volont\u00e0, quali: restrizioni governative, conflitti, condizioni meteorologiche avverse, disastri naturali o altri eventi imprevisti simili. Questa politica si applica a tutti gli ospiti indipendentemente dalle circostanze individuali.<\/p>\n\n\n\n<p><strong>Esclusione di responsabilit\u00e0:<\/strong> Il Casale dell&#8217;Amicizia e i suoi Gestori\/Proprietari non sono responsabili per infortuni personali, perdita di attrezzature, smarrimento di oggetti personali o qualsiasi evento legato a malattie o incidenti durante il soggiorno.<\/p>\n\n\n\n<p><strong>CONFERMA<\/strong>Effettuando il pagamento e confermando il soggiorno, dichiarate di aver letto, compreso e accettato tutti i termini e le condizioni sopra descritti.<\/p>\n\n\n\n<p><\/p>\n","protected":false},"excerpt":{"rendered":"<p>Procedura di prenotazione:Al momento della prenotazione, sono disponibili due opzioni: Politica di cancellazione e rimborso: Alloggi:Tutte le camere sono dotate di letto matrimoniale e sono progettate per due persone. Una camera dispone di un letto singolo aggiuntivo oltre al letto matrimoniale. Possiamo organizzare sistemazioni extra per ospiti in eccedenza, ma ci\u00f2 potrebbe comportare costi aggiuntivi [&hellip;]<\/p>\n","protected":false},"author":1,"featured_media":0,"parent":0,"menu_order":0,"comment_status":"closed","ping_status":"closed","template":"","meta":{"footnotes":""},"class_list":["post-57","page","type-page","status-publish","hentry"],"_links":{"self":[{"href":"https:\/\/bnbforms.com\/103530\/wp-json\/wp\/v2\/pages\/57"}],"collection":[{"href":"https:\/\/bnbforms.com\/103530\/wp-json\/wp\/v2\/pages"}],"about":[{"href":"https:\/\/bnbforms.com\/103530\/wp-json\/wp\/v2\/types\/page"}],"author":[{"embeddable":true,"href":"https:\/\/bnbforms.com\/103530\/wp-json\/wp\/v2\/users\/1"}],"replies":[{"embeddable":true,"href":"https:\/\/bnbforms.com\/103530\/wp-json\/wp\/v2\/comments?post=57"}],"version-history":[{"count":6,"href":"https:\/\/bnbforms.com\/103530\/wp-json\/wp\/v2\/pages\/57\/revisions"}],"predecessor-version":[{"id":162,"href":"https:\/\/bnbforms.com\/103530\/wp-json\/wp\/v2\/pages\/57\/revisions\/162"}],"wp:attachment":[{"href":"https:\/\/bnbforms.com\/103530\/wp-json\/wp\/v2\/media?parent=57"}],"curies":[{"name":"wp","href":"https:\/\/api.w.org\/{rel}","templated":true}]}}