{"id":62,"date":"2024-01-02T16:30:18","date_gmt":"2024-01-02T16:30:18","guid":{"rendered":"https:\/\/bnbforms.com\/102585\/?page_id=62"},"modified":"2024-11-15T14:29:36","modified_gmt":"2024-11-15T13:29:36","slug":"house-rules","status":"publish","type":"page","link":"https:\/\/bnbforms.com\/102585\/house-rules\/","title":{"rendered":"Hausregeln"},"content":{"rendered":"\n<h3 class=\"wp-block-heading\">Zeiten<\/h3>\n\n\n\n<ul class=\"wp-block-list\"><li><strong>Anreise<\/strong>: Von 14:00 bis 23:00 Uhr<\/li><li><strong>Abreise<\/strong>: Von 10:00 bis 11:00 Uhr<\/li><\/ul>\n\n\n\n<hr class=\"wp-block-separator\" \/>\n\n\n\n<h3 class=\"wp-block-heading\">Stornierung\/Vorauszahlung<\/h3>\n\n\n\n<ul class=\"wp-block-list\"><li>Die Stornierungs- und Vorauszahlungsrichtlinien variieren je nach Zimmerkategorie.<\/li><li>Bitte lesen Sie die Bestimmungen jeder Option sorgf\u00e4ltig durch, bevor Sie eine Buchung vornehmen.<\/li><\/ul>\n\n\n\n<hr class=\"wp-block-separator\" \/>\n\n\n\n<h3 class=\"wp-block-heading\">Kinder und Betten<\/h3>\n\n\n\n<p><strong>Richtlinien f\u00fcr Kinder<\/strong><\/p>\n\n\n\n<ul class=\"wp-block-list\"><li>Kinder jeden Alters sind willkommen.<\/li><li>Bitte geben Sie die Anzahl und das Alter der Kinder in Ihrer Gruppe bei der Suche an, um die korrekten Preise und Belegungsinformationen zu erhalten.<\/li><\/ul>\n\n\n\n<p><strong>Baby- und Zustellbetten<\/strong><\/p>\n\n\n\n<ul class=\"wp-block-list\"><li><strong>0 &#8211; 3 Jahre<\/strong>: Babybett auf Anfrage, \u20ac 10 pro Kind, pro Nacht.<br>(Preise f\u00fcr Babybetten sind nicht im Gesamtpreis enthalten und m\u00fcssen separat w\u00e4hrend Ihres Aufenthalts bezahlt werden.)<\/li><li>Die Verf\u00fcgbarkeit von Babybetten h\u00e4ngt von der gew\u00e4hlten Zimmeroption ab. Bitte pr\u00fcfen Sie die Details Ihrer Auswahl.<\/li><li>Zustellbetten sind in dieser Unterkunft nicht verf\u00fcgbar.<\/li><li>Alle Babybetten unterliegen der Verf\u00fcgbarkeit.<\/li><\/ul>\n\n\n\n<hr class=\"wp-block-separator\" \/>\n\n\n\n<h3 class=\"wp-block-heading\">Weitere Richtlinien<\/h3>\n\n\n\n<ul class=\"wp-block-list\"><li><strong>Altersbeschr\u00e4nkung<\/strong>: Keine Altersbeschr\u00e4nkungen f\u00fcr den Check-in.<\/li><li><strong>Haustiere<\/strong>: Haustiere sind nicht gestattet.<\/li><li><strong>Rauchen<\/strong>: Rauchen ist in der gesamten Unterkunft nicht gestattet.<\/li><li><strong>Partys\/Veranstaltungen<\/strong>: Partys und Veranstaltungen sind nicht erlaubt.<\/li><\/ul>\n","protected":false},"excerpt":{"rendered":"<p>Zeiten Anreise: Von 14:00 bis 23:00 Uhr Abreise: Von 10:00 bis 11:00 Uhr Stornierung\/Vorauszahlung Die Stornierungs- und Vorauszahlungsrichtlinien variieren je nach Zimmerkategorie. Bitte lesen Sie die Bestimmungen jeder Option sorgf\u00e4ltig durch, bevor Sie eine Buchung vornehmen. Kinder und Betten Richtlinien f\u00fcr Kinder Kinder jeden Alters sind willkommen. Bitte geben Sie die Anzahl und das Alter [&hellip;]<\/p>\n","protected":false},"author":1,"featured_media":0,"parent":0,"menu_order":0,"comment_status":"closed","ping_status":"closed","template":"","meta":{"footnotes":""},"class_list":["post-62","page","type-page","status-publish","hentry"],"_links":{"self":[{"href":"https:\/\/bnbforms.com\/102585\/wp-json\/wp\/v2\/pages\/62"}],"collection":[{"href":"https:\/\/bnbforms.com\/102585\/wp-json\/wp\/v2\/pages"}],"about":[{"href":"https:\/\/bnbforms.com\/102585\/wp-json\/wp\/v2\/types\/page"}],"author":[{"embeddable":true,"href":"https:\/\/bnbforms.com\/102585\/wp-json\/wp\/v2\/users\/1"}],"replies":[{"embeddable":true,"href":"https:\/\/bnbforms.com\/102585\/wp-json\/wp\/v2\/comments?post=62"}],"version-history":[{"count":5,"href":"https:\/\/bnbforms.com\/102585\/wp-json\/wp\/v2\/pages\/62\/revisions"}],"predecessor-version":[{"id":134,"href":"https:\/\/bnbforms.com\/102585\/wp-json\/wp\/v2\/pages\/62\/revisions\/134"}],"wp:attachment":[{"href":"https:\/\/bnbforms.com\/102585\/wp-json\/wp\/v2\/media?parent=62"}],"curies":[{"name":"wp","href":"https:\/\/api.w.org\/{rel}","templated":true}]}}