{"id":14,"date":"2021-07-29T14:02:50","date_gmt":"2021-07-29T13:02:50","guid":{"rendered":"https:\/\/bnbforms.com\/101281\/?page_id=14"},"modified":"2025-07-11T09:42:09","modified_gmt":"2025-07-11T08:42:09","slug":"privacy-policy","status":"publish","type":"page","link":"https:\/\/bnbforms.com\/101281\/privacy-policy\/","title":{"rendered":"AGBs \/ Impressum"},"content":{"rendered":"\n<h2 class=\"wp-block-heading\"><strong>Allgemeinen Gesch\u00e4ftsbedingungen<\/strong> <\/h2>\n\n\n\n<p><strong>Stornierungsbedingungen<\/strong><\/p>\n\n\n\n<p>Wir m\u00f6chten Sie darauf hinweisen, dass <strong>Stornierungen<\/strong> nach der Buchungsbest\u00e4tigung leider <strong>nicht m\u00f6glich<\/strong> sind. Auch werden nachtr\u00e4glich <strong>keine Umbuchungen<\/strong> vorgenommen. Diese Massnahme erm\u00f6glicht es uns, allen Kunden faire und gleichberechtigte Zugangsm\u00f6glichkeiten zu unseren Angeboten zu gew\u00e4hrleisten. <\/p>\n\n\n\n<p>Erhalten Sie nach einer Email Anfrage oder bei Buchungsproblemen eine von uns angelegte Buchungsbest\u00e4tigung, gelten ebenfalls unsere AGBs. Die Zahlung ist bis 7 Tage vor Anreise zu t\u00e4tigen. Sollte dies nicht m\u00f6glich sein, besteht in Absprache die M\u00f6glichkeit vor Ort zu bezahlen. Bei Nichtanreise und unvollst\u00e4ndiger Zahlung wird der offene Buchungsbetrag in Rechnung gestellt.<\/p>\n\n\n\n<p>Bitte \u00fcberpr\u00fcfen Sie daher Ihre Verf\u00fcgbarkeit sorgf\u00e4ltig, bevor Sie eine Buchung vornehmen und schliessen Sie ggf. eine eigene <strong>Reiser\u00fccktritts-, Reiseabbruch- oder Reiseannulationsversicherung<\/strong> ab. Bei Fragen oder besonderen Anliegen helfen wir gerne weiter.<\/p>\n\n\n\n<p>Des Weiteren bitten wir Sie, sofern Sie mit dem Auto anreisen, die <strong>Autonummer<\/strong> in den <strong>Buchungsnotizen<\/strong> zu <strong>vermerken<\/strong>. <\/p>\n\n\n\n<p><strong>F\u00fcr G\u00e4ste mit klimafreundlichen Zeltplatz wird weder die Anreise nach Seelisberg, noch die Zufahrt zum Campingplatz gew\u00e4hrt, da wir zu wenige Parkpl\u00e4tze im Dorf haben. Bei einer Buchung dieses Platzes und einer unerlaubten Anreise mit Auto und Zufahrt zum Kiosk wird eine einmalige Geb\u00fchr von CHF 50.- f\u00e4llig. Bitte beachten Sie dies bei der Reservation und der Planung ihrer Reise zu uns. Danke f\u00fcrs Verst\u00e4ndnis.<\/strong><\/p>\n\n\n\n<p><strong>Wichtige Informationen<\/strong><\/p>\n\n\n\n<p>Der Campingplatz ist jeweils vom <strong>15. Mai bis 15. September<\/strong> ge\u00f6ffnet.<\/p>\n\n\n\n<p>Auf dem Campingplatz sind <strong>nur Zelte m\u00f6glich, keine Wohnwagen. Keine Zeltvermietung<\/strong> vor Ort. Freies Aufstellen des Zeltes. \u00dcbernachtungsg\u00e4ste (Anreise mit dem PKW) ab 2 N\u00e4chten Mindestaufenthalt, Wanderer\/Velofahrer, Motorradfahrer und Anreise mit \u00d6V auch f\u00fcr 1 Nacht und jederzeit ohne Reservation m\u00f6glich.<br><strong>NEU ist auch die \u00dcbernachtung in einer Jurte m\u00f6glich.<\/strong> <strong>Hunde<\/strong> sind auf dem ganzen Gel\u00e4nde <strong>nicht<\/strong> <strong>erlaubt<\/strong>. Im Falle einer Buchung mit Hund, wird der Preis nicht zur\u00fcckerstattet.<\/p>\n\n\n\n<p>Es besteht <strong>Auto-Zufahrt nur f\u00fcr Campingg\u00e4ste zum Be- und Entladen des Autos bis zum Kiosk\/Vorplatz.<\/strong> Das Auto muss innert 10min auf dem Parkplatz an der Hauptstrasse geparkt werden (geb\u00fchrenpflichtig). 500 Meter Spazierweg bis zum Bergseeli. Gratis Handwagen f\u00fcr den Gep\u00e4cktransport stehen zur Verf\u00fcgung am Empfang. Das Mitbringen von <strong>kleinen Zelten, Rollkoffern und eigenen Transportwagen<\/strong> erleichtern die Reise zu uns.<\/p>\n\n\n\n<p>Der Naturcampingplatz ist <strong>das erste Urner klimaneutrale Unternehmen<\/strong> mit Zertifikat.<\/p>\n\n\n\n<p><\/p>\n\n\n\n<p><strong>Nebenkosten<\/strong>\/<strong>Nachhaltigkeitsausgleich<\/strong><\/p>\n\n\n\n<p>Die Geb\u00fchr von CHF 2.-\/Tag\/Buchung versteht sich als <strong>allgemeine Entsorgungsgeb\u00fchr<\/strong> (Restm\u00fcll, PET, Glas, Alu) sowie f\u00fcr die <strong>Nebenkosten <\/strong>(Wasser und Reinigung der sanit\u00e4ren Anlagen).<strong> Der erste Geb\u00fchrensack ist gratis, weiter ben\u00f6tigte S\u00e4cke m\u00fcssen separat f\u00fcr CHF 3.- am Empfang gekauft werden.<\/strong><\/p>\n\n\n\n<p><\/p>\n\n\n\n<p><\/p>\n\n\n\n<h2 class=\"wp-block-heading\">Impressum<\/h2>\n\n\n\n<p><strong>Kontaktadresse<\/strong><br>Naturcamping &amp; badi Seelisberg<br>Seelistrasse 4<br>6377 Seelisberg<br>Schweiz<br>E-Mail: camping.seelisberg@bluewin.ch<br>Tel: 041 820 35 96<\/p>\n\n\n\n<p><\/p>\n\n\n\n<p><strong>Vertretungsberechtigte Personen<\/strong><br>Christoph N\u00e4pflin<\/p>\n\n\n\n<p><strong>Haftungsausschluss<\/strong><br>Der Autor \u00fcbernimmt keinerlei Gew\u00e4hr hinsichtlich der inhaltlichen Richtigkeit, Genauigkeit, Aktualit\u00e4t, Zuverl\u00e4ssigkeit und Vollst\u00e4ndigkeit der Informationen. Haftungsanspr\u00fcche gegen den Autor wegen Sch\u00e4den materieller oder immaterieller Art, welche aus dem Zugriff oder der Nutzung bzw. Nichtnutzung der ver\u00f6ffentlichten Informationen, durch Missbrauch der Verbindung oder durch technische St\u00f6rungen entstanden sind, werden ausgeschlossen. Alle Angebote sind unverbindlich. Der Autor beh\u00e4lt es sich ausdr\u00fccklich vor, Teile der Seiten oder das gesamte Angebot ohne gesonderte Ank\u00fcndigung zu ver\u00e4ndern, zu erg\u00e4nzen, zu l\u00f6schen oder die Ver\u00f6ffentlichung zeitweise oder endg\u00fcltig einzustellen.<\/p>\n\n\n\n<p><strong>Haftung f\u00fcr Links<\/strong><br>Verweise und Links auf Webseiten Dritter liegen ausserhalb unseres Verantwortungsbereichs Es wird jegliche Verantwortung f\u00fcr solche Webseiten abgelehnt. Der Zugriff und die Nutzung solcher Webseiten erfolgen auf eigene Gefahr des Nutzers oder der Nutzerin.<\/p>\n\n\n\n<p><strong>Urheberrechte<\/strong><br>Die Urheber- und alle anderen Rechte an Inhalten, Bildern, Fotos oder anderen Dateien auf der Website geh\u00f6ren ausschliesslich dem Naturcamping Seelisberg oder den speziell genannten Rechtsinhabern. F\u00fcr die Reproduktion jeglicher Elemente ist die schriftliche Zustimmung der Urheberrechtstr\u00e4ger im Voraus einzuholen.<\/p>\n\n\n\n<p><strong>Bildrecht- und nachweis<\/strong><br>Foto von <a rel=\"noreferrer noopener\" href=\"https:\/\/unsplash.com\/@aidanhodel?utm_source=unsplash&amp;utm_medium=referral&amp;utm_content=creditCopyText\" target=\"_blank\">Aidan Hodel<\/a> auf <a rel=\"noreferrer noopener\" href=\"https:\/\/unsplash.com\/de\/fotos\/3LBDMFI1ags?utm_source=unsplash&amp;utm_medium=referral&amp;utm_content=creditCopyText\" target=\"_blank\">Unsplash<\/a><\/p>\n\n\n\n<p>Altdorf, 01.07.2025<\/p>\n","protected":false},"excerpt":{"rendered":"<p>Allgemeinen Gesch\u00e4ftsbedingungen Stornierungsbedingungen Wir m\u00f6chten Sie darauf hinweisen, dass Stornierungen nach der Buchungsbest\u00e4tigung leider nicht m\u00f6glich sind. Auch werden nachtr\u00e4glich keine Umbuchungen vorgenommen. Diese Massnahme erm\u00f6glicht es uns, allen Kunden faire und gleichberechtigte Zugangsm\u00f6glichkeiten zu unseren Angeboten zu gew\u00e4hrleisten. Erhalten Sie nach einer Email Anfrage oder bei Buchungsproblemen eine von uns angelegte Buchungsbest\u00e4tigung, gelten ebenfalls [&hellip;]<\/p>\n","protected":false},"author":1,"featured_media":0,"parent":0,"menu_order":0,"comment_status":"closed","ping_status":"closed","template":"","meta":{"footnotes":""},"class_list":["post-14","page","type-page","status-publish","hentry"],"_links":{"self":[{"href":"https:\/\/bnbforms.com\/101281\/wp-json\/wp\/v2\/pages\/14"}],"collection":[{"href":"https:\/\/bnbforms.com\/101281\/wp-json\/wp\/v2\/pages"}],"about":[{"href":"https:\/\/bnbforms.com\/101281\/wp-json\/wp\/v2\/types\/page"}],"author":[{"embeddable":true,"href":"https:\/\/bnbforms.com\/101281\/wp-json\/wp\/v2\/users\/1"}],"replies":[{"embeddable":true,"href":"https:\/\/bnbforms.com\/101281\/wp-json\/wp\/v2\/comments?post=14"}],"version-history":[{"count":19,"href":"https:\/\/bnbforms.com\/101281\/wp-json\/wp\/v2\/pages\/14\/revisions"}],"predecessor-version":[{"id":8315,"href":"https:\/\/bnbforms.com\/101281\/wp-json\/wp\/v2\/pages\/14\/revisions\/8315"}],"wp:attachment":[{"href":"https:\/\/bnbforms.com\/101281\/wp-json\/wp\/v2\/media?parent=14"}],"curies":[{"name":"wp","href":"https:\/\/api.w.org\/{rel}","templated":true}]}}